{"id":848,"date":"2021-08-19T05:02:23","date_gmt":"2021-08-19T05:02:23","guid":{"rendered":"https:\/\/themes.themegoods.com\/hoteller\/sites3\/modern2\/?page_id=848"},"modified":"2023-11-16T15:50:40","modified_gmt":"2023-11-16T14:50:40","slug":"about-us","status":"publish","type":"page","link":"https:\/\/www.roomeo-nights.com\/fr\/a-propos-de-nous\/","title":{"rendered":"A propos de nous"},"content":{"rendered":"<h2>\n\t\tSatisfaire vos d\u00e9sirs\t<\/h2>\n<h1>\n\t\tA propos de nous\t<\/h1>\n<h2>\n\t\tLe meilleur h\u00f4tel au meilleur prix\t<\/h2>\n<h2>\n\t\tLes meilleures personnes \u00e0 prendre en charge \t<\/h2>\n<h2>\n\t\tnotre atout le plus pr\u00e9cieux : vous.\t<\/h2>\n<p>\t\tLe d\u00e9tail en cuir de l'\u00e9paule, la couleur contrast\u00e9e du contour de la silhouette stup\u00e9fiante, le p\u00e9plum de travail. Boutons Statement cover-up tweaks poches plaqu\u00e9es vivaces col \u00e0 revers poches poitrine \u00e0 rabat surpiq\u00fbres veste cropped.\t\t<\/p>\n<style>\/*! elementor - v3.8.1 - 13-11-2022 *\/\n.elementor-heading-title{padding:0;margin:0;line-height:1}.elementor-widget-heading .elementor-heading-title[class*=elementor-size-]>a{color:inherit;font-size:inherit;line-height:inherit}.elementor-widget-heading .elementor-heading-title.elementor-size-small{font-size:15px}.elementor-widget-heading .elementor-heading-title.elementor-size-medium{font-size:19px}.elementor-widget-heading .elementor-heading-title.elementor-size-large{font-size:29px}.elementor-widget-heading .elementor-heading-title.elementor-size-xl{font-size:39px}.elementor-widget-heading .elementor-heading-title.elementor-size-xxl{font-size:59px}<\/style>\n<h2><a href=\"https:\/\/hotellerv5.themegoods.com\/resort\/our-rooms\/\">Plus d'informations<\/a><\/h2>\n<style>\/*! elementor - v3.8.1 - 13-11-2022 *\/\n.elementor-widget-divider{--divider-border-style:none;--divider-border-width:1px;--divider-color:#2c2c2c;--divider-icon-size:20px;--divider-element-spacing:10px;--divider-pattern-height:24px;--divider-pattern-size:20px;--divider-pattern-url:none;--divider-pattern-repeat:repeat-x}.elementor-widget-divider .elementor-divider{display:-webkit-box;display:-ms-flexbox;display:flex}.elementor-widget-divider .elementor-divider__text{font-size:15px;line-height:1;max-width:95%}.elementor-widget-divider .elementor-divider__element{margin:0 var(--divider-element-spacing);-ms-flex-negative:0;flex-shrink:0}.elementor-widget-divider .elementor-icon{font-size:var(--divider-icon-size)}.elementor-widget-divider .elementor-divider-separator{display:-webkit-box;display:-ms-flexbox;display:flex;margin:0;direction:ltr}.elementor-widget-divider--view-line_icon .elementor-divider-separator,.elementor-widget-divider--view-line_text .elementor-divider-separator{-webkit-box-align:center;-ms-flex-align:center;align-items:center}.elementor-widget-divider--view-line_icon .elementor-divider-separator:after,.elementor-widget-divider--view-line_icon .elementor-divider-separator:before,.elementor-widget-divider--view-line_text .elementor-divider-separator:after,.elementor-widget-divider--view-line_text .elementor-divider-separator:before{display:block;content:\"\";border-bottom:0;-webkit-box-flex:1;-ms-flex-positive:1;flex-grow:1;border-top:var(--divider-border-width) var(--divider-border-style) var(--divider-color)}.elementor-widget-divider--element-align-left .elementor-divider .elementor-divider-separator>.elementor-divider__svg:first-of-type{-webkit-box-flex:0;-ms-flex-positive:0;flex-grow:0;-ms-flex-negative:100;flex-shrink:100}.elementor-widget-divider--element-align-left .elementor-divider-separator:before{content:none}.elementor-widget-divider--element-align-left .elementor-divider__element{margin-left:0}.elementor-widget-divider--element-align-right .elementor-divider .elementor-divider-separator>.elementor-divider__svg:last-of-type{-webkit-box-flex:0;-ms-flex-positive:0;flex-grow:0;-ms-flex-negative:100;flex-shrink:100}.elementor-widget-divider--element-align-right .elementor-divider-separator:after{content:none}.elementor-widget-divider--element-align-right .elementor-divider__element{margin-right:0}.elementor-widget-divider:not(.elementor-widget-divider--view-line_text):not(.elementor-widget-divider--view-line_icon) .elementor-divider-separator{border-top:var(--divider-border-width) var(--divider-border-style) var(--divider-color)}.elementor-widget-divider--separator-type-pattern{--divider-border-style:none}.elementor-widget-divider--separator-type-pattern.elementor-widget-divider--view-line .elementor-divider-separator,.elementor-widget-divider--separator-type-pattern:not(.elementor-widget-divider--view-line) .elementor-divider-separator:after,.elementor-widget-divider--separator-type-pattern:not(.elementor-widget-divider--view-line) .elementor-divider-separator:before,.elementor-widget-divider--separator-type-pattern:not([class*=elementor-widget-divider--view]) .elementor-divider-separator{width:100%;min-height:var(--divider-pattern-height);-webkit-mask-size:var(--divider-pattern-size) 100%;mask-size:var(--divider-pattern-size) 100%;-webkit-mask-repeat:var(--divider-pattern-repeat);mask-repeat:var(--divider-pattern-repeat);background-color:var(--divider-color);-webkit-mask-image:var(--divider-pattern-url);mask-image:var(--divider-pattern-url)}.elementor-widget-divider--no-spacing{--divider-pattern-size:auto}.elementor-widget-divider--bg-round{--divider-pattern-repeat:round}.rtl .elementor-widget-divider .elementor-divider__text{direction:rtl}.e-con-inner>.elementor-widget-divider,.e-con>.elementor-widget-divider{width:var(--container-widget-width,100%)}<\/style>\n<p>La forteresse se trouve dans un <i>Zone naturelle prot\u00e9g\u00e9e<\/i> et se fond parfaitement dans le paysage. Le Cap Rocat a \u00e9t\u00e9 enti\u00e8rement r\u00e9nov\u00e9 par <i>Antonio Obrador<\/i> avec le plus grand respect pour son architecture unique<\/p>\n<p>Le Mont Blanc et la Haute Route. Sur le site actuel de notre h\u00f4tel les pieds dans l'eau.<\/p>\n<p>\t\t\t\t\t\t<img data-flickity-lazyload=\"https:\/\/www.roomeo-nights.com\/wp-content\/uploads\/2023\/01\/roomeo_3-768x1024.jpeg\" alt=\"\" style=\"height:500px;\" \/><br \/>\n\t\t\t\t\t\t<img data-flickity-lazyload=\"https:\/\/www.roomeo-nights.com\/wp-content\/uploads\/2023\/01\/roomeo_5-768x1024.jpeg\" alt=\"\" style=\"height:500px;\" \/><br \/>\n\t\t\t\t\t\t<img data-flickity-lazyload=\"https:\/\/www.roomeo-nights.com\/wp-content\/uploads\/2023\/01\/roomeo_1-1-768x1024.jpeg\" alt=\"\" style=\"height:500px;\" \/><br \/>\n\t\t\t\t\t\t<img data-flickity-lazyload=\"https:\/\/www.roomeo-nights.com\/wp-content\/uploads\/2023\/01\/roomeo_jacuzzi_1-1-768x1024.jpeg\" alt=\"\" style=\"height:500px;\" \/><br \/>\n\t\t\t\t\t\t<img data-flickity-lazyload=\"https:\/\/www.roomeo-nights.com\/wp-content\/uploads\/2023\/01\/roomeo_canape-768x1024.jpeg\" alt=\"\" style=\"height:500px;\" \/><br \/>\n\t\t\t\t\t\t<img data-flickity-lazyload=\"https:\/\/www.roomeo-nights.com\/wp-content\/uploads\/2023\/01\/roomeo_croix-768x1024.jpeg\" alt=\"\" style=\"height:500px;\" \/><br \/>\n\t\t\t\t\t\t<img data-flickity-lazyload=\"https:\/\/www.roomeo-nights.com\/wp-content\/uploads\/2023\/01\/roomeo_jacuzzi_2-1-768x1024.jpeg\" alt=\"\" style=\"height:500px;\" \/><br \/>\n\t\t\t\t\t\t<img data-flickity-lazyload=\"https:\/\/www.roomeo-nights.com\/wp-content\/uploads\/2023\/01\/roomeo_1-768x1024.jpeg\" alt=\"\" style=\"height:500px;\" \/><\/p>\n<h2>Notre concept<\/h2>\n<p>Le Club Alpin Champex-Lac a toujours \u00e9t\u00e9 un \u00e9tablissement r\u00e9put\u00e9 pour les randonneurs, notamment ceux qui font le Tour du Mont Blanc et la Haute Route. Sur le site actuel de notre h\u00f4tel les pieds dans l'eau.<\/p>\n<h2><a href=\"https:\/\/www.roomeo-nights.com\/fr\/reservation\/\">R\u00e9servez votre s\u00e9jour<\/a><\/h2>\n<style>\/*! elementor - v3.8.1 - 13-11-2022 *\/\n.elementor-widget-image{text-align:center}.elementor-widget-image a{display:inline-block}.elementor-widget-image a img[src$=\".svg\"]{width:48px}.elementor-widget-image img{vertical-align:middle;display:inline-block}<\/style>\n<p>\t\t\t\t\t\t\t\t\t\t\t\t<img loading=\"lazy\" decoding=\"async\" width=\"1024\" height=\"694\" src=\"https:\/\/www.roomeo-nights.com\/wp-content\/uploads\/2023\/02\/roomeo_about_us_2.jpeg\" alt=\"\" srcset=\"https:\/\/www.roomeo-nights.com\/wp-content\/uploads\/2023\/02\/roomeo_about_us_2.jpeg 1024w, https:\/\/www.roomeo-nights.com\/wp-content\/uploads\/2023\/02\/roomeo_about_us_2-300x203.jpeg 300w, https:\/\/www.roomeo-nights.com\/wp-content\/uploads\/2023\/02\/roomeo_about_us_2-768x521.jpeg 768w, https:\/\/www.roomeo-nights.com\/wp-content\/uploads\/2023\/02\/roomeo_about_us_2-18x12.jpeg 18w, https:\/\/www.roomeo-nights.com\/wp-content\/uploads\/2023\/02\/roomeo_about_us_2-440x298.jpeg 440w, https:\/\/www.roomeo-nights.com\/wp-content\/uploads\/2023\/02\/roomeo_about_us_2-600x407.jpeg 600w\" sizes=\"auto, (max-width: 1024px) 100vw, 1024px\" \/><\/p>","protected":false},"excerpt":{"rendered":"<p>Satisfaire vos d\u00e9sirs \u00c0 propos de nous Le meilleur h\u00f4tel au meilleur prix Les meilleures personnes pour prendre soin de notre atout le plus pr\u00e9cieux : vous. D\u00e9tail en cuir \u00e9paule couleur contrast\u00e9e contour silhouette \u00e9tonnante travailler p\u00e9plum. Boutons statement cover-up tweaks poches plaqu\u00e9es [...]<\/p>","protected":false},"author":1,"featured_media":0,"parent":0,"menu_order":0,"comment_status":"closed","ping_status":"closed","template":"elementor_header_footer","meta":{"footnotes":""},"class_list":["post-848","page","type-page","status-publish","hentry"],"yoast_head":"<!-- This site is optimized with the Yoast SEO plugin v26.9 - https:\/\/yoast.com\/product\/yoast-seo-wordpress\/ -->\n<title>About Us - Roomeo in Luxembourg - Love Room<\/title>\n<meta name=\"robots\" content=\"index, follow, max-snippet:-1, max-image-preview:large, max-video-preview:-1\" \/>\n<link rel=\"canonical\" href=\"https:\/\/www.roomeo-nights.com\/fr\/a-propos-de-nous\/\" \/>\n<meta property=\"og:locale\" content=\"fr_FR\" \/>\n<meta property=\"og:type\" content=\"article\" \/>\n<meta property=\"og:title\" content=\"About Us - Roomeo in Luxembourg - Love Room\" \/>\n<meta property=\"og:description\" content=\"Satisfy your desires About Us The finest hotel at the best price The best people to take care of our most valuable asset: you. Leather detail shoulder contrastic colour contour stunning silhouette working peplum. Statement buttons cover-up tweaks patch pockets [&hellip;]\" \/>\n<meta property=\"og:url\" content=\"https:\/\/www.roomeo-nights.com\/fr\/a-propos-de-nous\/\" \/>\n<meta property=\"og:site_name\" content=\"Roomeo in Luxembourg - Love Room\" \/>\n<meta property=\"article:modified_time\" content=\"2023-11-16T14:50:40+00:00\" \/>\n<meta property=\"og:image\" content=\"https:\/\/www.roomeo-nights.com\/wp-content\/uploads\/2023\/02\/roomeo_about_us_2.jpeg\" \/>\n<meta name=\"twitter:card\" content=\"summary_large_image\" \/>\n<meta name=\"twitter:label1\" content=\"Dur\u00e9e de lecture estim\u00e9e\" \/>\n\t<meta name=\"twitter:data1\" content=\"1 minute\" \/>\n<script type=\"application\/ld+json\" class=\"yoast-schema-graph\">{\"@context\":\"https:\/\/schema.org\",\"@graph\":[{\"@type\":\"WebPage\",\"@id\":\"https:\/\/www.roomeo-nights.com\/about-us\/\",\"url\":\"https:\/\/www.roomeo-nights.com\/about-us\/\",\"name\":\"About Us - Roomeo in Luxembourg - Love Room\",\"isPartOf\":{\"@id\":\"https:\/\/www.roomeo-nights.com\/#website\"},\"primaryImageOfPage\":{\"@id\":\"https:\/\/www.roomeo-nights.com\/about-us\/#primaryimage\"},\"image\":{\"@id\":\"https:\/\/www.roomeo-nights.com\/about-us\/#primaryimage\"},\"thumbnailUrl\":\"https:\/\/www.roomeo-nights.com\/wp-content\/uploads\/2023\/02\/roomeo_about_us_2.jpeg\",\"datePublished\":\"2021-08-19T05:02:23+00:00\",\"dateModified\":\"2023-11-16T14:50:40+00:00\",\"breadcrumb\":{\"@id\":\"https:\/\/www.roomeo-nights.com\/about-us\/#breadcrumb\"},\"inLanguage\":\"fr-FR\",\"potentialAction\":[{\"@type\":\"ReadAction\",\"target\":[\"https:\/\/www.roomeo-nights.com\/about-us\/\"]}]},{\"@type\":\"ImageObject\",\"inLanguage\":\"fr-FR\",\"@id\":\"https:\/\/www.roomeo-nights.com\/about-us\/#primaryimage\",\"url\":\"https:\/\/www.roomeo-nights.com\/wp-content\/uploads\/2023\/02\/roomeo_about_us_2.jpeg\",\"contentUrl\":\"https:\/\/www.roomeo-nights.com\/wp-content\/uploads\/2023\/02\/roomeo_about_us_2.jpeg\"},{\"@type\":\"BreadcrumbList\",\"@id\":\"https:\/\/www.roomeo-nights.com\/about-us\/#breadcrumb\",\"itemListElement\":[{\"@type\":\"ListItem\",\"position\":1,\"name\":\"Accueil\",\"item\":\"https:\/\/www.roomeo-nights.com\/\"},{\"@type\":\"ListItem\",\"position\":2,\"name\":\"About Us\"}]},{\"@type\":\"WebSite\",\"@id\":\"https:\/\/www.roomeo-nights.com\/#website\",\"url\":\"https:\/\/www.roomeo-nights.com\/\",\"name\":\"Roomeo in Luxembourg - Love Room - Nights love\",\"description\":\"Unique and sexy night\",\"publisher\":{\"@id\":\"https:\/\/www.roomeo-nights.com\/#organization\"},\"potentialAction\":[{\"@type\":\"SearchAction\",\"target\":{\"@type\":\"EntryPoint\",\"urlTemplate\":\"https:\/\/www.roomeo-nights.com\/?s={search_term_string}\"},\"query-input\":{\"@type\":\"PropertyValueSpecification\",\"valueRequired\":true,\"valueName\":\"search_term_string\"}}],\"inLanguage\":\"fr-FR\"},{\"@type\":\"Organization\",\"@id\":\"https:\/\/www.roomeo-nights.com\/#organization\",\"name\":\"Roomeo in Luxembourg - Love Room - Nights love\",\"url\":\"https:\/\/www.roomeo-nights.com\/\",\"logo\":{\"@type\":\"ImageObject\",\"inLanguage\":\"fr-FR\",\"@id\":\"https:\/\/www.roomeo-nights.com\/#\/schema\/logo\/image\/\",\"url\":\"https:\/\/www.roomeo-nights.com\/wp-content\/uploads\/2022\/12\/icon_roomeo_luxembourg.png\",\"contentUrl\":\"https:\/\/www.roomeo-nights.com\/wp-content\/uploads\/2022\/12\/icon_roomeo_luxembourg.png\",\"width\":512,\"height\":512,\"caption\":\"Roomeo in Luxembourg - Love Room - Nights love\"},\"image\":{\"@id\":\"https:\/\/www.roomeo-nights.com\/#\/schema\/logo\/image\/\"},\"sameAs\":[\"https:\/\/www.instagram.com\/roomeo_nights\"]}]}<\/script>\n<!-- \/ Yoast SEO plugin. -->","yoast_head_json":{"title":"About Us - Roomeo in Luxembourg - Love Room","robots":{"index":"index","follow":"follow","max-snippet":"max-snippet:-1","max-image-preview":"max-image-preview:large","max-video-preview":"max-video-preview:-1"},"canonical":"https:\/\/www.roomeo-nights.com\/fr\/a-propos-de-nous\/","og_locale":"fr_FR","og_type":"article","og_title":"About Us - Roomeo in Luxembourg - Love Room","og_description":"Satisfy your desires About Us The finest hotel at the best price The best people to take care of our most valuable asset: you. Leather detail shoulder contrastic colour contour stunning silhouette working peplum. Statement buttons cover-up tweaks patch pockets [&hellip;]","og_url":"https:\/\/www.roomeo-nights.com\/fr\/a-propos-de-nous\/","og_site_name":"Roomeo in Luxembourg - Love Room","article_modified_time":"2023-11-16T14:50:40+00:00","og_image":[{"url":"https:\/\/www.roomeo-nights.com\/wp-content\/uploads\/2023\/02\/roomeo_about_us_2.jpeg","type":"","width":"","height":""}],"twitter_card":"summary_large_image","twitter_misc":{"Dur\u00e9e de lecture estim\u00e9e":"1 minute"},"schema":{"@context":"https:\/\/schema.org","@graph":[{"@type":"WebPage","@id":"https:\/\/www.roomeo-nights.com\/about-us\/","url":"https:\/\/www.roomeo-nights.com\/about-us\/","name":"About Us - Roomeo in Luxembourg - Love Room","isPartOf":{"@id":"https:\/\/www.roomeo-nights.com\/#website"},"primaryImageOfPage":{"@id":"https:\/\/www.roomeo-nights.com\/about-us\/#primaryimage"},"image":{"@id":"https:\/\/www.roomeo-nights.com\/about-us\/#primaryimage"},"thumbnailUrl":"https:\/\/www.roomeo-nights.com\/wp-content\/uploads\/2023\/02\/roomeo_about_us_2.jpeg","datePublished":"2021-08-19T05:02:23+00:00","dateModified":"2023-11-16T14:50:40+00:00","breadcrumb":{"@id":"https:\/\/www.roomeo-nights.com\/about-us\/#breadcrumb"},"inLanguage":"fr-FR","potentialAction":[{"@type":"ReadAction","target":["https:\/\/www.roomeo-nights.com\/about-us\/"]}]},{"@type":"ImageObject","inLanguage":"fr-FR","@id":"https:\/\/www.roomeo-nights.com\/about-us\/#primaryimage","url":"https:\/\/www.roomeo-nights.com\/wp-content\/uploads\/2023\/02\/roomeo_about_us_2.jpeg","contentUrl":"https:\/\/www.roomeo-nights.com\/wp-content\/uploads\/2023\/02\/roomeo_about_us_2.jpeg"},{"@type":"BreadcrumbList","@id":"https:\/\/www.roomeo-nights.com\/about-us\/#breadcrumb","itemListElement":[{"@type":"ListItem","position":1,"name":"Accueil","item":"https:\/\/www.roomeo-nights.com\/"},{"@type":"ListItem","position":2,"name":"About Us"}]},{"@type":"WebSite","@id":"https:\/\/www.roomeo-nights.com\/#website","url":"https:\/\/www.roomeo-nights.com\/","name":"Roomeo in Luxembourg - Love Room - Nights love","description":"Unique and sexy night","publisher":{"@id":"https:\/\/www.roomeo-nights.com\/#organization"},"potentialAction":[{"@type":"SearchAction","target":{"@type":"EntryPoint","urlTemplate":"https:\/\/www.roomeo-nights.com\/?s={search_term_string}"},"query-input":{"@type":"PropertyValueSpecification","valueRequired":true,"valueName":"search_term_string"}}],"inLanguage":"fr-FR"},{"@type":"Organization","@id":"https:\/\/www.roomeo-nights.com\/#organization","name":"Roomeo in Luxembourg - Love Room - Nights love","url":"https:\/\/www.roomeo-nights.com\/","logo":{"@type":"ImageObject","inLanguage":"fr-FR","@id":"https:\/\/www.roomeo-nights.com\/#\/schema\/logo\/image\/","url":"https:\/\/www.roomeo-nights.com\/wp-content\/uploads\/2022\/12\/icon_roomeo_luxembourg.png","contentUrl":"https:\/\/www.roomeo-nights.com\/wp-content\/uploads\/2022\/12\/icon_roomeo_luxembourg.png","width":512,"height":512,"caption":"Roomeo in Luxembourg - Love Room - Nights love"},"image":{"@id":"https:\/\/www.roomeo-nights.com\/#\/schema\/logo\/image\/"},"sameAs":["https:\/\/www.instagram.com\/roomeo_nights"]}]}},"_links":{"self":[{"href":"https:\/\/www.roomeo-nights.com\/fr\/wp-json\/wp\/v2\/pages\/848","targetHints":{"allow":["GET"]}}],"collection":[{"href":"https:\/\/www.roomeo-nights.com\/fr\/wp-json\/wp\/v2\/pages"}],"about":[{"href":"https:\/\/www.roomeo-nights.com\/fr\/wp-json\/wp\/v2\/types\/page"}],"author":[{"embeddable":true,"href":"https:\/\/www.roomeo-nights.com\/fr\/wp-json\/wp\/v2\/users\/1"}],"replies":[{"embeddable":true,"href":"https:\/\/www.roomeo-nights.com\/fr\/wp-json\/wp\/v2\/comments?post=848"}],"version-history":[{"count":10,"href":"https:\/\/www.roomeo-nights.com\/fr\/wp-json\/wp\/v2\/pages\/848\/revisions"}],"predecessor-version":[{"id":2373,"href":"https:\/\/www.roomeo-nights.com\/fr\/wp-json\/wp\/v2\/pages\/848\/revisions\/2373"}],"wp:attachment":[{"href":"https:\/\/www.roomeo-nights.com\/fr\/wp-json\/wp\/v2\/media?parent=848"}],"curies":[{"name":"wp","href":"https:\/\/api.w.org\/{rel}","templated":true}]}}